{"id":24,"date":"2026-05-12T22:46:58","date_gmt":"2026-05-12T22:46:58","guid":{"rendered":"https:\/\/gsaensino.com.br\/wp\/?page_id=24"},"modified":"2026-05-13T00:18:27","modified_gmt":"2026-05-13T00:18:27","slug":"home","status":"publish","type":"page","link":"https:\/\/gsaensino.com.br\/wp\/","title":{"rendered":"Home"},"content":{"rendered":"\t\t<div data-elementor-type=\"wp-page\" data-elementor-id=\"24\" class=\"elementor elementor-24\" data-elementor-settings=\"{&quot;ha_cmc_init_switcher&quot;:&quot;no&quot;}\" data-elementor-post-type=\"page\">\n\t\t\t\t\t\t<section class=\"elementor-section elementor-top-section elementor-element elementor-element-6997e280 elementor-section-stretched elementor-section-boxed elementor-section-height-default elementor-section-height-default\" data-id=\"6997e280\" data-element_type=\"section\" data-e-type=\"section\" data-settings=\"{&quot;stretch_section&quot;:&quot;section-stretched&quot;,&quot;_ha_eqh_enable&quot;:false}\">\n\t\t\t\t\t\t<div class=\"elementor-container elementor-column-gap-no\">\n\t\t\t\t\t<div class=\"elementor-column elementor-col-100 elementor-top-column elementor-element elementor-element-3627fc45\" data-id=\"3627fc45\" data-element_type=\"column\" data-e-type=\"column\">\n\t\t\t<div class=\"elementor-widget-wrap elementor-element-populated\">\n\t\t\t\t\t\t<div class=\"elementor-element elementor-element-3629295b elementor-arrows-position-inside elementor-widget elementor-widget-image-carousel\" data-id=\"3629295b\" data-element_type=\"widget\" data-e-type=\"widget\" data-settings=\"{&quot;slides_to_show&quot;:&quot;1&quot;,&quot;navigation&quot;:&quot;arrows&quot;,&quot;autoplay&quot;:&quot;yes&quot;,&quot;pause_on_hover&quot;:&quot;yes&quot;,&quot;pause_on_interaction&quot;:&quot;yes&quot;,&quot;autoplay_speed&quot;:5000,&quot;infinite&quot;:&quot;yes&quot;,&quot;effect&quot;:&quot;slide&quot;,&quot;speed&quot;:500}\" data-widget_type=\"image-carousel.default\">\n\t\t\t\t\t\t\t<div class=\"elementor-image-carousel-wrapper swiper\" role=\"region\" aria-roledescription=\"carousel\" aria-label=\"Carrossel de imagens\" dir=\"ltr\">\n\t\t\t<div class=\"elementor-image-carousel swiper-wrapper\" aria-live=\"off\">\n\t\t\t\t\t\t\t\t<div class=\"swiper-slide\" role=\"group\" aria-roledescription=\"slide\" aria-label=\"1 de 3\"><figure class=\"swiper-slide-inner\"><img decoding=\"async\" class=\"swiper-slide-image\" src=\"https:\/\/gsaensino.com.br\/wp\/wp-content\/uploads\/2026\/05\/Banner-Site-GSA-4-scaled.png\" alt=\"Banner-Site-GSA-4\" \/><\/figure><\/div><div class=\"swiper-slide\" role=\"group\" aria-roledescription=\"slide\" aria-label=\"2 de 3\"><figure class=\"swiper-slide-inner\"><img decoding=\"async\" class=\"swiper-slide-image\" src=\"https:\/\/gsaensino.com.br\/wp\/wp-content\/uploads\/2026\/05\/Banner-Site-GSA-5-scaled.png\" alt=\"Banner-Site-GSA-5\" \/><\/figure><\/div><div class=\"swiper-slide\" role=\"group\" aria-roledescription=\"slide\" aria-label=\"3 de 3\"><figure class=\"swiper-slide-inner\"><img decoding=\"async\" class=\"swiper-slide-image\" src=\"https:\/\/gsaensino.com.br\/wp\/wp-content\/uploads\/2026\/05\/Banner-Site-GSA-scaled.png\" alt=\"Banner-Site-GSA\" \/><\/figure><\/div>\t\t\t<\/div>\n\t\t\t\t\t\t\t\t\t\t\t\t<div class=\"elementor-swiper-button elementor-swiper-button-prev\" role=\"button\" tabindex=\"0\">\n\t\t\t\t\t\t<svg aria-hidden=\"true\" class=\"e-font-icon-svg e-eicon-chevron-left\" viewBox=\"0 0 1000 1000\" xmlns=\"http:\/\/www.w3.org\/2000\/svg\"><path d=\"M646 125C629 125 613 133 604 142L308 442C296 454 292 471 292 487 292 504 296 521 308 533L604 854C617 867 629 875 646 875 663 875 679 871 692 858 704 846 713 829 713 812 713 796 708 779 692 767L438 487 692 225C700 217 708 204 708 187 708 171 704 154 692 142 675 129 663 125 646 125Z\"><\/path><\/svg>\t\t\t\t\t<\/div>\n\t\t\t\t\t<div class=\"elementor-swiper-button elementor-swiper-button-next\" role=\"button\" tabindex=\"0\">\n\t\t\t\t\t\t<svg aria-hidden=\"true\" class=\"e-font-icon-svg e-eicon-chevron-right\" viewBox=\"0 0 1000 1000\" xmlns=\"http:\/\/www.w3.org\/2000\/svg\"><path d=\"M696 533C708 521 713 504 713 487 713 471 708 454 696 446L400 146C388 133 375 125 354 125 338 125 325 129 313 142 300 154 292 171 292 187 292 204 296 221 308 233L563 492 304 771C292 783 288 800 288 817 288 833 296 850 308 863 321 871 338 875 354 875 371 875 388 867 400 854L696 533Z\"><\/path><\/svg>\t\t\t\t\t<\/div>\n\t\t\t\t\n\t\t\t\t\t\t\t\t\t<\/div>\n\t\t\t\t\t\t<\/div>\n\t\t\t\t\t<\/div>\n\t\t<\/div>\n\t\t\t\t\t<\/div>\n\t\t<\/section>\n\t\t\t\t<section class=\"elementor-section elementor-top-section elementor-element elementor-element-7d7556f elementor-section-boxed elementor-section-height-default elementor-section-height-default\" data-id=\"7d7556f\" data-element_type=\"section\" data-e-type=\"section\" data-settings=\"{&quot;_ha_eqh_enable&quot;:false}\">\n\t\t\t\t\t\t<div class=\"elementor-container elementor-column-gap-extended\">\n\t\t\t\t\t<div class=\"elementor-column elementor-col-50 elementor-top-column elementor-element elementor-element-ef79cc4\" data-id=\"ef79cc4\" data-element_type=\"column\" data-e-type=\"column\">\n\t\t\t<div class=\"elementor-widget-wrap elementor-element-populated\">\n\t\t\t\t\t\t<div class=\"elementor-element elementor-element-2075a43e elementor-widget elementor-widget-heading\" data-id=\"2075a43e\" data-element_type=\"widget\" data-e-type=\"widget\" data-widget_type=\"heading.default\">\n\t\t\t\t\t<h6 class=\"elementor-heading-title elementor-size-default\">SOBRE N\u00d3S<\/h6>\t\t\t\t<\/div>\n\t\t\t\t<div class=\"elementor-element elementor-element-5f2fc533 elementor-widget elementor-widget-heading\" data-id=\"5f2fc533\" data-element_type=\"widget\" data-e-type=\"widget\" data-widget_type=\"heading.default\">\n\t\t\t\t\t<h2 class=\"elementor-heading-title elementor-size-default\">GSA ENSINO<\/h2>\t\t\t\t<\/div>\n\t\t\t\t<div class=\"elementor-element elementor-element-27bfc60c elementor-widget elementor-widget-text-editor\" data-id=\"27bfc60c\" data-element_type=\"widget\" data-e-type=\"widget\" data-widget_type=\"text-editor.default\">\n\t\t\t\t\t\t\t\t\t<p style=\"text-align:justify\">A <strong>GSA ENSINO<\/strong>, fundada em 2009, \u00e9 uma institui\u00e7\u00e3o dedicada a proporcionar educa\u00e7\u00e3o de qualidade na Modalidade a Dist\u00e2ncia (EAD). Comprometida com a inova\u00e7\u00e3o e a excel\u00eancia acad\u00eamica, oferecemos cursos de <strong>EJA<\/strong>, Gradua\u00e7\u00e3o e P\u00f3s-Gradua\u00e7\u00e3o.<\/p><p style=\"text-align:justify\">Nossos programas incluem <strong>Bacharelado, Licenciatura e Tecn\u00f3logo<\/strong>, garantindo forma\u00e7\u00e3o completa e adaptada \u00e0s necessidades dos nossos alunos.<\/p><p style=\"text-align:justify\">Na <strong>GSA ENSINO<\/strong>, nosso compromisso \u00e9 transformar a educa\u00e7\u00e3o a dist\u00e2ncia em uma oportunidade acess\u00edvel e de alta qualidade, promovendo o desenvolvimento pessoal e profissional dos nossos alunos.<\/p>\t\t\t\t\t\t\t\t<\/div>\n\t\t\t\t\t<\/div>\n\t\t<\/div>\n\t\t\t\t<div class=\"elementor-column elementor-col-50 elementor-top-column elementor-element elementor-element-7f9d083e\" data-id=\"7f9d083e\" data-element_type=\"column\" data-e-type=\"column\">\n\t\t\t<div class=\"elementor-widget-wrap elementor-element-populated\">\n\t\t\t\t\t\t<div class=\"elementor-element elementor-element-501658d4 elementor-widget elementor-widget-image\" data-id=\"501658d4\" data-element_type=\"widget\" data-e-type=\"widget\" data-widget_type=\"image.default\">\n\t\t\t\t\t\t\t\t\t\t\t\t\t\t\t<img fetchpriority=\"high\" decoding=\"async\" width=\"500\" height=\"500\" src=\"https:\/\/gsaensino.com.br\/wp\/wp-content\/uploads\/2026\/05\/31-1.png\" class=\"attachment-full size-full wp-image-26\" alt=\"\" srcset=\"https:\/\/gsaensino.com.br\/wp\/wp-content\/uploads\/2026\/05\/31-1.png 500w, https:\/\/gsaensino.com.br\/wp\/wp-content\/uploads\/2026\/05\/31-1-300x300.png 300w, https:\/\/gsaensino.com.br\/wp\/wp-content\/uploads\/2026\/05\/31-1-150x150.png 150w, https:\/\/gsaensino.com.br\/wp\/wp-content\/uploads\/2026\/05\/31-1-230x230.png 230w, https:\/\/gsaensino.com.br\/wp\/wp-content\/uploads\/2026\/05\/31-1-400x400.png 400w\" sizes=\"(max-width: 500px) 100vw, 500px\" \/>\t\t\t\t\t\t\t\t\t\t\t\t\t\t\t<\/div>\n\t\t\t\t\t<\/div>\n\t\t<\/div>\n\t\t\t\t\t<\/div>\n\t\t<\/section>\n\t\t\t\t<section class=\"elementor-section elementor-top-section elementor-element elementor-element-54a2c612 elementor-section-boxed elementor-section-height-default elementor-section-height-default\" data-id=\"54a2c612\" data-element_type=\"section\" data-e-type=\"section\" data-settings=\"{&quot;_ha_eqh_enable&quot;:false}\">\n\t\t\t\t\t\t<div class=\"elementor-container elementor-column-gap-extended\">\n\t\t\t\t\t<div class=\"elementor-column elementor-col-100 elementor-top-column elementor-element elementor-element-1b889001\" data-id=\"1b889001\" data-element_type=\"column\" data-e-type=\"column\">\n\t\t\t<div class=\"elementor-widget-wrap elementor-element-populated\">\n\t\t\t\t\t\t<div class=\"elementor-element elementor-element-29021e30 elementor-widget elementor-widget-heading\" data-id=\"29021e30\" data-element_type=\"widget\" data-e-type=\"widget\" data-widget_type=\"heading.default\">\n\t\t\t\t\t<h2 class=\"elementor-heading-title elementor-size-default\">Nossos cursos<\/h2>\t\t\t\t<\/div>\n\t\t\t\t<div class=\"elementor-element elementor-element-44ab7b32 elementor-widget elementor-widget-heading\" data-id=\"44ab7b32\" data-element_type=\"widget\" data-e-type=\"widget\" data-widget_type=\"heading.default\">\n\t\t\t\t\t<h5 class=\"elementor-heading-title elementor-size-default\">Conhe\u00e7a nossas principais forma\u00e7\u00f5es<\/h5>\t\t\t\t<\/div>\n\t\t\t\t\t<\/div>\n\t\t<\/div>\n\t\t\t\t\t<\/div>\n\t\t<\/section>\n\t\t\t\t<section class=\"elementor-section elementor-top-section elementor-element elementor-element-488a947b elementor-section-boxed elementor-section-height-default elementor-section-height-default\" data-id=\"488a947b\" data-element_type=\"section\" data-e-type=\"section\" data-settings=\"{&quot;_ha_eqh_enable&quot;:false}\">\n\t\t\t\t\t\t<div class=\"elementor-container elementor-column-gap-extended\">\n\t\t\t\t\t<div class=\"elementor-column elementor-col-33 elementor-top-column elementor-element elementor-element-30e7747\" data-id=\"30e7747\" data-element_type=\"column\" data-e-type=\"column\">\n\t\t\t<div class=\"elementor-widget-wrap elementor-element-populated\">\n\t\t\t\t\t\t<div class=\"elementor-element elementor-element-27a1a308 elementor-position-top elementor-widget elementor-widget-image-box\" data-id=\"27a1a308\" data-element_type=\"widget\" data-e-type=\"widget\" data-widget_type=\"image-box.default\">\n\t\t\t\t\t<div class=\"elementor-image-box-wrapper\"><figure class=\"elementor-image-box-img\"><a href=\"#eja\" tabindex=\"-1\"><img decoding=\"async\" width=\"512\" height=\"512\" src=\"https:\/\/gsaensino.com.br\/wp\/wp-content\/uploads\/2026\/05\/Design-sem-nome-2-1.png\" class=\"attachment-full size-full wp-image-27\" alt=\"\" srcset=\"https:\/\/gsaensino.com.br\/wp\/wp-content\/uploads\/2026\/05\/Design-sem-nome-2-1.png 512w, https:\/\/gsaensino.com.br\/wp\/wp-content\/uploads\/2026\/05\/Design-sem-nome-2-1-300x300.png 300w, https:\/\/gsaensino.com.br\/wp\/wp-content\/uploads\/2026\/05\/Design-sem-nome-2-1-150x150.png 150w, https:\/\/gsaensino.com.br\/wp\/wp-content\/uploads\/2026\/05\/Design-sem-nome-2-1-230x230.png 230w, https:\/\/gsaensino.com.br\/wp\/wp-content\/uploads\/2026\/05\/Design-sem-nome-2-1-400x400.png 400w\" sizes=\"(max-width: 512px) 100vw, 512px\" \/><\/a><\/figure><div class=\"elementor-image-box-content\"><h5 class=\"elementor-image-box-title\"><a href=\"#eja\">EJA \u2013 Ensino M\u00e9dio a Dist\u00e2ncia<\/a><\/h5><p class=\"elementor-image-box-description\">Lorem ipsum dolor sit amet, consectetur adipiscing elit. Ut elit tellus, luctus nec ullamcorper mattis, pulvinar dapibus leo.<\/p><\/div><\/div>\t\t\t\t<\/div>\n\t\t\t\t\t<\/div>\n\t\t<\/div>\n\t\t\t\t<div class=\"elementor-column elementor-col-33 elementor-top-column elementor-element elementor-element-553fb158\" data-id=\"553fb158\" data-element_type=\"column\" data-e-type=\"column\">\n\t\t\t<div class=\"elementor-widget-wrap elementor-element-populated\">\n\t\t\t\t\t\t<div class=\"elementor-element elementor-element-7d3bd2b9 elementor-position-top elementor-widget elementor-widget-image-box\" data-id=\"7d3bd2b9\" data-element_type=\"widget\" data-e-type=\"widget\" data-widget_type=\"image-box.default\">\n\t\t\t\t\t<div class=\"elementor-image-box-wrapper\"><figure class=\"elementor-image-box-img\"><a href=\"#graduacao\" tabindex=\"-1\"><img decoding=\"async\" width=\"512\" height=\"512\" src=\"https:\/\/gsaensino.com.br\/wp\/wp-content\/uploads\/2026\/05\/Design-sem-nome-3.png\" class=\"attachment-full size-full wp-image-28\" alt=\"\" srcset=\"https:\/\/gsaensino.com.br\/wp\/wp-content\/uploads\/2026\/05\/Design-sem-nome-3.png 512w, https:\/\/gsaensino.com.br\/wp\/wp-content\/uploads\/2026\/05\/Design-sem-nome-3-300x300.png 300w, https:\/\/gsaensino.com.br\/wp\/wp-content\/uploads\/2026\/05\/Design-sem-nome-3-150x150.png 150w, https:\/\/gsaensino.com.br\/wp\/wp-content\/uploads\/2026\/05\/Design-sem-nome-3-230x230.png 230w, https:\/\/gsaensino.com.br\/wp\/wp-content\/uploads\/2026\/05\/Design-sem-nome-3-400x400.png 400w\" sizes=\"(max-width: 512px) 100vw, 512px\" \/><\/a><\/figure><div class=\"elementor-image-box-content\"><h5 class=\"elementor-image-box-title\"><a href=\"#graduacao\">Gradua\u00e7\u00e3o<\/a><\/h5><p class=\"elementor-image-box-description\">Lorem ipsum dolor sit amet, consectetur adipiscing elit. Ut elit tellus, luctus nec ullamcorper mattis, pulvinar dapibus leo.<\/p><\/div><\/div>\t\t\t\t<\/div>\n\t\t\t\t\t<\/div>\n\t\t<\/div>\n\t\t\t\t<div class=\"elementor-column elementor-col-33 elementor-top-column elementor-element elementor-element-2879caa3\" data-id=\"2879caa3\" data-element_type=\"column\" data-e-type=\"column\">\n\t\t\t<div class=\"elementor-widget-wrap elementor-element-populated\">\n\t\t\t\t\t\t<div class=\"elementor-element elementor-element-240c81e elementor-position-top elementor-widget elementor-widget-image-box\" data-id=\"240c81e\" data-element_type=\"widget\" data-e-type=\"widget\" data-widget_type=\"image-box.default\">\n\t\t\t\t\t<div class=\"elementor-image-box-wrapper\"><figure class=\"elementor-image-box-img\"><a href=\"#mba\" tabindex=\"-1\"><img loading=\"lazy\" decoding=\"async\" width=\"512\" height=\"512\" src=\"https:\/\/gsaensino.com.br\/wp\/wp-content\/uploads\/2026\/05\/Design-sem-nome-1-1.png\" class=\"attachment-full size-full wp-image-29\" alt=\"\" srcset=\"https:\/\/gsaensino.com.br\/wp\/wp-content\/uploads\/2026\/05\/Design-sem-nome-1-1.png 512w, https:\/\/gsaensino.com.br\/wp\/wp-content\/uploads\/2026\/05\/Design-sem-nome-1-1-300x300.png 300w, https:\/\/gsaensino.com.br\/wp\/wp-content\/uploads\/2026\/05\/Design-sem-nome-1-1-150x150.png 150w, https:\/\/gsaensino.com.br\/wp\/wp-content\/uploads\/2026\/05\/Design-sem-nome-1-1-230x230.png 230w, https:\/\/gsaensino.com.br\/wp\/wp-content\/uploads\/2026\/05\/Design-sem-nome-1-1-400x400.png 400w\" sizes=\"(max-width: 512px) 100vw, 512px\" \/><\/a><\/figure><div class=\"elementor-image-box-content\"><h5 class=\"elementor-image-box-title\"><a href=\"#mba\">P\u00f3s-Gradua\u00e7\u00e3o \/ MBA<\/a><\/h5><p class=\"elementor-image-box-description\">Lorem ipsum dolor sit amet, consectetur adipiscing elit. Ut elit tellus, luctus nec ullamcorper mattis, pulvinar dapibus leo.<\/p><\/div><\/div>\t\t\t\t<\/div>\n\t\t\t\t\t<\/div>\n\t\t<\/div>\n\t\t\t\t\t<\/div>\n\t\t<\/section>\n\t\t\t\t<section class=\"elementor-section elementor-top-section elementor-element elementor-element-2fb7dbeb elementor-section-boxed elementor-section-height-default elementor-section-height-default\" data-id=\"2fb7dbeb\" data-element_type=\"section\" data-e-type=\"section\" data-settings=\"{&quot;_ha_eqh_enable&quot;:false}\">\n\t\t\t\t\t\t<div class=\"elementor-container elementor-column-gap-extended\">\n\t\t\t\t\t<div class=\"elementor-column elementor-col-100 elementor-top-column elementor-element elementor-element-2a149d76\" data-id=\"2a149d76\" data-element_type=\"column\" data-e-type=\"column\">\n\t\t\t<div class=\"elementor-widget-wrap elementor-element-populated\">\n\t\t\t\t\t\t<div class=\"elementor-element elementor-element-14092a18 elementor-widget elementor-widget-heading\" data-id=\"14092a18\" data-element_type=\"widget\" data-e-type=\"widget\" data-widget_type=\"heading.default\">\n\t\t\t\t\t<h2 class=\"elementor-heading-title elementor-size-default\">Nossos Parceiros<\/h2>\t\t\t\t<\/div>\n\t\t\t\t\t<\/div>\n\t\t<\/div>\n\t\t\t\t\t<\/div>\n\t\t<\/section>\n\t\t\t\t<section class=\"elementor-section elementor-top-section elementor-element elementor-element-74523de4 elementor-section-boxed elementor-section-height-default elementor-section-height-default\" data-id=\"74523de4\" data-element_type=\"section\" data-e-type=\"section\" data-settings=\"{&quot;_ha_eqh_enable&quot;:false}\">\n\t\t\t\t\t\t<div class=\"elementor-container elementor-column-gap-extended\">\n\t\t\t\t\t<div class=\"elementor-column elementor-col-33 elementor-top-column elementor-element elementor-element-1401c553\" data-id=\"1401c553\" data-element_type=\"column\" data-e-type=\"column\">\n\t\t\t<div class=\"elementor-widget-wrap elementor-element-populated\">\n\t\t\t\t\t\t<div class=\"elementor-element elementor-element-555fb55d elementor-widget elementor-widget-image\" data-id=\"555fb55d\" data-element_type=\"widget\" data-e-type=\"widget\" data-widget_type=\"image.default\">\n\t\t\t\t\t\t\t\t\t\t\t\t\t\t\t<img loading=\"lazy\" decoding=\"async\" width=\"500\" height=\"500\" src=\"https:\/\/gsaensino.com.br\/wp\/wp-content\/uploads\/2026\/05\/novaescolabrasil-removebg-preview-1-1.png\" class=\"attachment-full size-full wp-image-30\" alt=\"\" srcset=\"https:\/\/gsaensino.com.br\/wp\/wp-content\/uploads\/2026\/05\/novaescolabrasil-removebg-preview-1-1.png 500w, https:\/\/gsaensino.com.br\/wp\/wp-content\/uploads\/2026\/05\/novaescolabrasil-removebg-preview-1-1-300x300.png 300w, https:\/\/gsaensino.com.br\/wp\/wp-content\/uploads\/2026\/05\/novaescolabrasil-removebg-preview-1-1-150x150.png 150w, https:\/\/gsaensino.com.br\/wp\/wp-content\/uploads\/2026\/05\/novaescolabrasil-removebg-preview-1-1-230x230.png 230w, https:\/\/gsaensino.com.br\/wp\/wp-content\/uploads\/2026\/05\/novaescolabrasil-removebg-preview-1-1-400x400.png 400w\" sizes=\"(max-width: 500px) 100vw, 500px\" \/>\t\t\t\t\t\t\t\t\t\t\t\t\t\t\t<\/div>\n\t\t\t\t\t<\/div>\n\t\t<\/div>\n\t\t\t\t<div class=\"elementor-column elementor-col-33 elementor-top-column elementor-element elementor-element-575916ad\" data-id=\"575916ad\" data-element_type=\"column\" data-e-type=\"column\">\n\t\t\t<div class=\"elementor-widget-wrap elementor-element-populated\">\n\t\t\t\t\t\t<div class=\"elementor-element elementor-element-10750bb8 elementor-widget elementor-widget-image\" data-id=\"10750bb8\" data-element_type=\"widget\" data-e-type=\"widget\" data-widget_type=\"image.default\">\n\t\t\t\t\t\t\t\t\t\t\t\t\t\t\t<img loading=\"lazy\" decoding=\"async\" width=\"500\" height=\"500\" src=\"https:\/\/gsaensino.com.br\/wp\/wp-content\/uploads\/2026\/05\/unifacvest-1.png\" class=\"attachment-full size-full wp-image-31\" alt=\"\" srcset=\"https:\/\/gsaensino.com.br\/wp\/wp-content\/uploads\/2026\/05\/unifacvest-1.png 500w, https:\/\/gsaensino.com.br\/wp\/wp-content\/uploads\/2026\/05\/unifacvest-1-300x300.png 300w, https:\/\/gsaensino.com.br\/wp\/wp-content\/uploads\/2026\/05\/unifacvest-1-150x150.png 150w, https:\/\/gsaensino.com.br\/wp\/wp-content\/uploads\/2026\/05\/unifacvest-1-230x230.png 230w, https:\/\/gsaensino.com.br\/wp\/wp-content\/uploads\/2026\/05\/unifacvest-1-400x400.png 400w\" sizes=\"(max-width: 500px) 100vw, 500px\" \/>\t\t\t\t\t\t\t\t\t\t\t\t\t\t\t<\/div>\n\t\t\t\t\t<\/div>\n\t\t<\/div>\n\t\t\t\t<div class=\"elementor-column elementor-col-33 elementor-top-column elementor-element elementor-element-4617a7bb\" data-id=\"4617a7bb\" data-element_type=\"column\" data-e-type=\"column\">\n\t\t\t<div class=\"elementor-widget-wrap elementor-element-populated\">\n\t\t\t\t\t\t<div class=\"elementor-element elementor-element-36652c4a elementor-widget elementor-widget-image\" data-id=\"36652c4a\" data-element_type=\"widget\" data-e-type=\"widget\" data-widget_type=\"image.default\">\n\t\t\t\t\t\t\t\t\t\t\t\t\t\t\t<img loading=\"lazy\" decoding=\"async\" width=\"500\" height=\"500\" src=\"https:\/\/gsaensino.com.br\/wp\/wp-content\/uploads\/2026\/05\/sao-luis-1.png\" class=\"attachment-full size-full wp-image-32\" alt=\"\" srcset=\"https:\/\/gsaensino.com.br\/wp\/wp-content\/uploads\/2026\/05\/sao-luis-1.png 500w, https:\/\/gsaensino.com.br\/wp\/wp-content\/uploads\/2026\/05\/sao-luis-1-300x300.png 300w, https:\/\/gsaensino.com.br\/wp\/wp-content\/uploads\/2026\/05\/sao-luis-1-150x150.png 150w, https:\/\/gsaensino.com.br\/wp\/wp-content\/uploads\/2026\/05\/sao-luis-1-230x230.png 230w, https:\/\/gsaensino.com.br\/wp\/wp-content\/uploads\/2026\/05\/sao-luis-1-400x400.png 400w\" sizes=\"(max-width: 500px) 100vw, 500px\" \/>\t\t\t\t\t\t\t\t\t\t\t\t\t\t\t<\/div>\n\t\t\t\t\t<\/div>\n\t\t<\/div>\n\t\t\t\t\t<\/div>\n\t\t<\/section>\n\t\t\t\t<section class=\"elementor-section elementor-top-section elementor-element elementor-element-56440cf8 elementor-section-boxed elementor-section-height-default elementor-section-height-default\" data-id=\"56440cf8\" data-element_type=\"section\" data-e-type=\"section\" data-settings=\"{&quot;_ha_eqh_enable&quot;:false}\">\n\t\t\t\t\t\t<div class=\"elementor-container elementor-column-gap-extended\">\n\t\t\t\t\t<div class=\"elementor-column elementor-col-50 elementor-top-column elementor-element elementor-element-374c5a86\" data-id=\"374c5a86\" data-element_type=\"column\" data-e-type=\"column\">\n\t\t\t<div class=\"elementor-widget-wrap elementor-element-populated\">\n\t\t\t\t\t\t<div class=\"elementor-element elementor-element-11f8c4b elementor-widget elementor-widget-heading\" data-id=\"11f8c4b\" data-element_type=\"widget\" data-e-type=\"widget\" data-widget_type=\"heading.default\">\n\t\t\t\t\t<h2 class=\"elementor-heading-title elementor-size-default\">Fale Conosco<\/h2>\t\t\t\t<\/div>\n\t\t\t\t<div class=\"elementor-element elementor-element-456ed92 elementor-widget elementor-widget-shortcode\" data-id=\"456ed92\" data-element_type=\"widget\" data-e-type=\"widget\" data-widget_type=\"shortcode.default\">\n\t\t\t\t\t\t\t<div class=\"elementor-shortcode\">[contact-form-7 id=\"SEU_ID_AQUI\" title=\"Formul\u00e1rio GSA\"]<\/div>\n\t\t\t\t\t\t<\/div>\n\t\t\t\t\t<\/div>\n\t\t<\/div>\n\t\t\t\t<div class=\"elementor-column elementor-col-50 elementor-top-column elementor-element elementor-element-2c166931\" data-id=\"2c166931\" data-element_type=\"column\" data-e-type=\"column\">\n\t\t\t<div class=\"elementor-widget-wrap elementor-element-populated\">\n\t\t\t\t\t\t<div class=\"elementor-element elementor-element-476afbd9 elementor-widget elementor-widget-google_maps\" data-id=\"476afbd9\" data-element_type=\"widget\" data-e-type=\"widget\" data-widget_type=\"google_maps.default\">\n\t\t\t\t\t\t\t<div class=\"elementor-custom-embed\">\n\t\t\t<iframe loading=\"lazy\"\n\t\t\t\t\tsrc=\"https:\/\/maps.google.com\/maps?q=Rua%20Dr.%20Olinto%20Manso%20Pereira%2C%20673%2C%20Setor%20Sul%2C%20Goi%C3%A2nia%2C%20GO&#038;t=m&#038;z=15&#038;output=embed&#038;iwloc=near\"\n\t\t\t\t\ttitle=\"Rua Dr. Olinto Manso Pereira, 673, Setor Sul, Goi\u00e2nia, GO\"\n\t\t\t\t\taria-label=\"Rua Dr. Olinto Manso Pereira, 673, Setor Sul, Goi\u00e2nia, GO\"\n\t\t\t><\/iframe>\n\t\t<\/div>\n\t\t\t\t\t\t<\/div>\n\t\t\t\t\t<\/div>\n\t\t<\/div>\n\t\t\t\t\t<\/div>\n\t\t<\/section>\n\t\t\t\t<\/div>\n\t\t","protected":false},"excerpt":{"rendered":"<p>SOBRE N\u00d3S GSA ENSINO A GSA ENSINO, fundada em 2009, \u00e9 uma institui\u00e7\u00e3o dedicada a proporcionar educa\u00e7\u00e3o de qualidade na Modalidade a Dist\u00e2ncia (EAD). Comprometida com a inova\u00e7\u00e3o e a excel\u00eancia acad\u00eamica, oferecemos cursos de EJA, Gradua\u00e7\u00e3o e P\u00f3s-Gradua\u00e7\u00e3o. Nossos programas incluem Bacharelado, Licenciatura e Tecn\u00f3logo, garantindo forma\u00e7\u00e3o completa e adaptada \u00e0s necessidades dos nossos [&hellip;]<\/p>\n","protected":false},"author":1,"featured_media":0,"parent":0,"menu_order":0,"comment_status":"closed","ping_status":"closed","template":"elementor_header_footer","meta":{"footnotes":""},"class_list":["post-24","page","type-page","status-publish","hentry"],"_links":{"self":[{"href":"https:\/\/gsaensino.com.br\/wp\/wp-json\/wp\/v2\/pages\/24","targetHints":{"allow":["GET"]}}],"collection":[{"href":"https:\/\/gsaensino.com.br\/wp\/wp-json\/wp\/v2\/pages"}],"about":[{"href":"https:\/\/gsaensino.com.br\/wp\/wp-json\/wp\/v2\/types\/page"}],"author":[{"embeddable":true,"href":"https:\/\/gsaensino.com.br\/wp\/wp-json\/wp\/v2\/users\/1"}],"replies":[{"embeddable":true,"href":"https:\/\/gsaensino.com.br\/wp\/wp-json\/wp\/v2\/comments?post=24"}],"version-history":[{"count":7,"href":"https:\/\/gsaensino.com.br\/wp\/wp-json\/wp\/v2\/pages\/24\/revisions"}],"predecessor-version":[{"id":135,"href":"https:\/\/gsaensino.com.br\/wp\/wp-json\/wp\/v2\/pages\/24\/revisions\/135"}],"wp:attachment":[{"href":"https:\/\/gsaensino.com.br\/wp\/wp-json\/wp\/v2\/media?parent=24"}],"curies":[{"name":"wp","href":"https:\/\/api.w.org\/{rel}","templated":true}]}}